{"id":50934,"date":"2025-02-18T15:30:59","date_gmt":"2025-02-18T06:30:59","guid":{"rendered":"https:\/\/avenuewebstore.com\/freewheelers\/?page_id=50934"},"modified":"2026-03-26T15:59:42","modified_gmt":"2026-03-26T06:59:42","slug":"%e3%83%95%e3%83%aa%e3%83%bc%e3%83%9b%e3%82%a4%e3%83%bc%e3%83%a9%e3%83%bc%e3%82%ba-%e3%83%95%e3%83%a9%e3%83%b3%e3%83%8d%e3%83%ab%e3%82%b7%e3%83%a3%e3%83%84-%e3%83%8e%e3%83%9e%e3%83%89-%e3%83%af","status":"publish","type":"page","link":"https:\/\/avenuewebstore.com\/freewheelers\/?page_id=50934","title":{"rendered":"\u30d5\u30ea\u30fc\u30db\u30a4\u30fc\u30e9\u30fc\u30ba \u30d5\u30e9\u30f3\u30cd\u30eb\u30b7\u30e3\u30c4 \u30ce\u30de\u30c9 \u30ef\u30fc\u30af\u30b7\u30e3\u30c4 2433001"},"content":{"rendered":"<p>FREEWHEELERS and COMPANY<br \/>\n2024 FALL&#038;WINTER COLLECTION<br \/>\nUNION SPECIAL OVERALLS<br \/>\n1950s STYLE WORK CLOTHING<br \/>\nMOTOR PSYCLONE GARAGE SERIES<br \/>\n&#8220;NOMAD&#8221; WORK SHIRT<br \/>\n&#8220;Original Cotton Flannel Check With a Raised Back&#8221; \/ COTTON 100%(WASH)<br \/>\nCOLOR:ORANGE RED\u00d7GRAY BEIGE\u00d7CREAM\u00d7GREEN<br \/>\n33,000\u5186 No:#2433001<\/p>\n<p><\/p>\n<p>1950\u301c60\u5e74\u4ee3\u3092\u80cc\u666f\u306b\u3057\u305f\u30e2\u30fc\u30bf\u30fc\u30ab\u30eb\u30c1\u30e3\u30fc\u3092\u30c6\u30fc\u30de\u306b\u3001\u30ab\u30ea\u30d5\u30a9\u30eb\u30cb\u30a2\u5dde\u30aa\u30fc\u30af\u30e9\u30f3\u30c9\u306b\u62e0\u3092\u69cb\u3048\u3066\u3044\u305f \u300c\u30e2\u30fc\u30bf\u30fc\u30b5\u30a4\u30af\u30ed\u30f3\u30fb\u30ac\u30ec\u30fc\u30b8\u201d\u300d\u3068\u3044\u3046\u30b5\u30a4\u30af\u30eb\u30b7\u30e7\u30c3\u30d7\u3092\u30a4\u30e1\u30fc\u30b8\u8a2d\u5b9a\u3068\u3057\u305f\u30d6\u30e9\u30f3\u30c9\u3067\u3059\u3002<br \/>\n\u67b6\u7a7a\u306e\u30b9\u30c8\u30fc\u30ea\u30fc\u3067\u306f\u3042\u308a\u307e\u3059\u304c\u3001\u30e2\u30fc\u30bf\u30fc\u30b5\u30a4\u30af\u30ed\u30f3\u30fb\u30ac\u30ec\u30fc\u30b8\u304c\u30e6\u30cb\u30aa\u30f3\u30b9\u30da\u30b7\u30e3\u30eb\u30aa\u30fc\u30d0\u30fc\u30aa\u30fc\u30eb\u30ba\u306b\u5225\u6ce8\u3092\u304b\u3051\u3066\u88fd\u4f5c\u3057\u305f\u30ef\u30fc\u30af\u30b7\u30e3\u30c4 &#8220;\u30ce\u30de\u30c9&#8221; \u306b\u306a\u308a\u307e\u3059\u3002\u30e2\u30fc\u30bf\u30fc\u30b5\u30a4\u30af\u30ed\u30f3\u30fb\u30ac\u30ec\u30fc\u30b8\u30fb\u30b7\u30ea\u30fc\u30ba\u3067\u306f\u521d\u3081\u3066\u306e\u30a2\u30a4\u30c6\u30e0\u306b\u306a\u308a\u307e\u3059\u3002<br \/>\n\u3053\u3061\u3089\u306e\u30b7\u30e3\u30c4\u306e\u30d9\u30fc\u30b9\u306b\u306f1950\u5e74\u4ee3\u306e\u30ef\u30fc\u30af\u30b7\u30e3\u30c4\u3092\u30e2\u30c1\u30fc\u30d5\u306b\u3057\u3066\u304a\u308a\u3001\u30d5\u30e9\u30f3\u30cd\u30eb\u30fb\u30c1\u30a7\u30c3\u30af\u67c4\u306e\u751f\u5730\u3092\u4f7f\u7528\u3057\u3066\u4ed5\u4e0a\u304c\u3063\u3066\u304a\u308a\u307e\u3059\u3002<br \/>\n\u751f\u5730\u306b\u306f\u3001\u88cf\u8d77\u6bdb\u306e\u30aa\u30ea\u30b8\u30ca\u30eb\u30fb\u30b3\u30c3\u30c8\u30f3\u30d5\u30e9\u30f3\u30cd\u30eb\u751f\u5730\u3092\u4f7f\u7528\u3057\u3066\u304a\u308a\u3001\u539a\u307f\u306e\u3042\u308b\u3001\u3057\u3063\u3068\u308a\u3068\u3057\u305f\u808c\u89e6\u308a\u306e\u826f\u3044\u751f\u5730\u611f\u306b\u4ed5\u4e0a\u304c\u3063\u3066\u304a\u308a\u307e\u3059\u3002<br \/>\n<br \/>\n\u30b7\u30eb\u30a8\u30c3\u30c8\u306f\u3001\u5c11\u3057\u697d\u306a\u8eab\u5e45\u306b\u5bfe\u3057\u3066\u3001\u7740\u4e08\u306f\u82e5\u5e72\u9577\u3081\u3068\u306a\u3063\u3066\u304a\u308a\u307e\u3059\u3002<br \/>\n<\/p>\n<p><a href=\"https:\/\/avenuewebstore.com\/freewheelers\/wp-content\/uploads\/2025\/02\/th_3F6R1552.jpg\"><img loading=\"lazy\" decoding=\"async\" src=\"https:\/\/avenuewebstore.com\/freewheelers\/wp-content\/uploads\/2025\/02\/th_3F6R1552.jpg\" alt=\"th_3F6R1552\" width=\"600\" height=\"900\" class=\"aligncenter size-full wp-image-50935\" srcset=\"https:\/\/avenuewebstore.com\/freewheelers\/wp-content\/uploads\/2025\/02\/th_3F6R1552.jpg 600w, https:\/\/avenuewebstore.com\/freewheelers\/wp-content\/uploads\/2025\/02\/th_3F6R1552-200x300.jpg 200w\" sizes=\"auto, (max-width: 600px) 100vw, 600px\" \/><\/a><\/p>\n<p><a href=\"https:\/\/avenuewebstore.com\/freewheelers\/wp-content\/uploads\/2025\/02\/th_3F6R1553.jpg\"><img loading=\"lazy\" decoding=\"async\" src=\"https:\/\/avenuewebstore.com\/freewheelers\/wp-content\/uploads\/2025\/02\/th_3F6R1553.jpg\" alt=\"th_3F6R1553\" width=\"600\" height=\"400\" class=\"aligncenter size-full wp-image-50936\" srcset=\"https:\/\/avenuewebstore.com\/freewheelers\/wp-content\/uploads\/2025\/02\/th_3F6R1553.jpg 600w, https:\/\/avenuewebstore.com\/freewheelers\/wp-content\/uploads\/2025\/02\/th_3F6R1553-300x200.jpg 300w\" sizes=\"auto, (max-width: 600px) 100vw, 600px\" \/><\/a><\/p>\n<p><a href=\"https:\/\/avenuewebstore.com\/freewheelers\/wp-content\/uploads\/2025\/02\/th_3F6R1554.jpg\"><img loading=\"lazy\" decoding=\"async\" src=\"https:\/\/avenuewebstore.com\/freewheelers\/wp-content\/uploads\/2025\/02\/th_3F6R1554.jpg\" alt=\"th_3F6R1554\" width=\"600\" height=\"400\" class=\"aligncenter size-full wp-image-50937\" srcset=\"https:\/\/avenuewebstore.com\/freewheelers\/wp-content\/uploads\/2025\/02\/th_3F6R1554.jpg 600w, https:\/\/avenuewebstore.com\/freewheelers\/wp-content\/uploads\/2025\/02\/th_3F6R1554-300x200.jpg 300w\" sizes=\"auto, (max-width: 600px) 100vw, 600px\" \/><\/a><\/p>\n<p><a href=\"https:\/\/avenuewebstore.com\/freewheelers\/wp-content\/uploads\/2025\/02\/th_3F6R1555.jpg\"><img loading=\"lazy\" decoding=\"async\" src=\"https:\/\/avenuewebstore.com\/freewheelers\/wp-content\/uploads\/2025\/02\/th_3F6R1555.jpg\" alt=\"th_3F6R1555\" width=\"600\" height=\"900\" class=\"aligncenter size-full wp-image-50938\" srcset=\"https:\/\/avenuewebstore.com\/freewheelers\/wp-content\/uploads\/2025\/02\/th_3F6R1555.jpg 600w, https:\/\/avenuewebstore.com\/freewheelers\/wp-content\/uploads\/2025\/02\/th_3F6R1555-200x300.jpg 200w\" sizes=\"auto, (max-width: 600px) 100vw, 600px\" \/><\/a><\/p>\n<p><a href=\"https:\/\/avenuewebstore.com\/freewheelers\/wp-content\/uploads\/2025\/02\/th_3F6R1556.jpg\"><img loading=\"lazy\" decoding=\"async\" src=\"https:\/\/avenuewebstore.com\/freewheelers\/wp-content\/uploads\/2025\/02\/th_3F6R1556.jpg\" alt=\"th_3F6R1556\" width=\"600\" height=\"400\" class=\"aligncenter size-full wp-image-50939\" srcset=\"https:\/\/avenuewebstore.com\/freewheelers\/wp-content\/uploads\/2025\/02\/th_3F6R1556.jpg 600w, https:\/\/avenuewebstore.com\/freewheelers\/wp-content\/uploads\/2025\/02\/th_3F6R1556-300x200.jpg 300w\" sizes=\"auto, (max-width: 600px) 100vw, 600px\" \/><\/a><\/p>\n<p><a href=\"https:\/\/avenuewebstore.com\/freewheelers\/wp-content\/uploads\/2025\/02\/th_3F6R1557.jpg\"><img loading=\"lazy\" decoding=\"async\" src=\"https:\/\/avenuewebstore.com\/freewheelers\/wp-content\/uploads\/2025\/02\/th_3F6R1557.jpg\" alt=\"th_3F6R1557\" width=\"600\" height=\"400\" class=\"aligncenter size-full wp-image-50940\" srcset=\"https:\/\/avenuewebstore.com\/freewheelers\/wp-content\/uploads\/2025\/02\/th_3F6R1557.jpg 600w, https:\/\/avenuewebstore.com\/freewheelers\/wp-content\/uploads\/2025\/02\/th_3F6R1557-300x200.jpg 300w\" sizes=\"auto, (max-width: 600px) 100vw, 600px\" \/><\/a><\/p>\n<p><a href=\"https:\/\/avenuewebstore.com\/freewheelers\/wp-content\/uploads\/2025\/02\/th_3F6R1558.jpg\"><img loading=\"lazy\" decoding=\"async\" src=\"https:\/\/avenuewebstore.com\/freewheelers\/wp-content\/uploads\/2025\/02\/th_3F6R1558.jpg\" alt=\"th_3F6R1558\" width=\"600\" height=\"900\" class=\"aligncenter size-full wp-image-50941\" srcset=\"https:\/\/avenuewebstore.com\/freewheelers\/wp-content\/uploads\/2025\/02\/th_3F6R1558.jpg 600w, https:\/\/avenuewebstore.com\/freewheelers\/wp-content\/uploads\/2025\/02\/th_3F6R1558-200x300.jpg 200w\" sizes=\"auto, (max-width: 600px) 100vw, 600px\" \/><\/a><\/p>\n<p><a href=\"https:\/\/avenuewebstore.com\/freewheelers\/wp-content\/uploads\/2025\/02\/th_3F6R1559.jpg\"><img loading=\"lazy\" decoding=\"async\" src=\"https:\/\/avenuewebstore.com\/freewheelers\/wp-content\/uploads\/2025\/02\/th_3F6R1559.jpg\" alt=\"th_3F6R1559\" width=\"600\" height=\"400\" class=\"aligncenter size-full wp-image-50942\" srcset=\"https:\/\/avenuewebstore.com\/freewheelers\/wp-content\/uploads\/2025\/02\/th_3F6R1559.jpg 600w, https:\/\/avenuewebstore.com\/freewheelers\/wp-content\/uploads\/2025\/02\/th_3F6R1559-300x200.jpg 300w\" sizes=\"auto, (max-width: 600px) 100vw, 600px\" \/><\/a><\/p>\n<p><a href=\"https:\/\/avenuewebstore.com\/freewheelers\/wp-content\/uploads\/2025\/02\/th_3F6R1560.jpg\"><img loading=\"lazy\" decoding=\"async\" src=\"https:\/\/avenuewebstore.com\/freewheelers\/wp-content\/uploads\/2025\/02\/th_3F6R1560.jpg\" alt=\"th_3F6R1560\" width=\"600\" height=\"400\" class=\"aligncenter size-full wp-image-50943\" srcset=\"https:\/\/avenuewebstore.com\/freewheelers\/wp-content\/uploads\/2025\/02\/th_3F6R1560.jpg 600w, https:\/\/avenuewebstore.com\/freewheelers\/wp-content\/uploads\/2025\/02\/th_3F6R1560-300x200.jpg 300w\" sizes=\"auto, (max-width: 600px) 100vw, 600px\" \/><\/a><\/p>\n<p>\n\u887f\u306f\u5c11\u3057\u5927\u304d\u3081\u306e\u5f62\u72b6\u306b\u306a\u3063\u3066\u304a\u308a\u307e\u3059\u3002<br \/>\n\u30d5\u30ed\u30f3\u30c8\u30dd\u30b1\u30c3\u30c8\u306f\u3001\uff12\u3064\u30dc\u30bf\u30f3\u4ed8\u304d\u306e\u30d5\u30e9\u30c3\u30d7\u30dd\u30b1\u30c3\u30c8\u304c\u5de6\u53f3\u306b\u53d6\u308a\u4ed8\u3051\u3089\u308c\u3066\u304a\u308a\u307e\u3059\u3002<br \/>\n\u30d5\u30ed\u30f3\u30c8\u53f3\u8eab\u9803\u306e\u88fe\u88cf\u306b\u306f\u3001\u54c1\u8cea\u4fdd\u8a3c\u30bf\u30b0\u306e\u30e6\u30cb\u30aa\u30f3\u30c1\u30b1\u30c3\u30c8\u304c\u53d6\u308a\u4ed8\u3051\u3089\u308c\u3066\u304a\u308a\u3001\u88fe\u306e\u4e21\u8107\u306b\u306f\u3001\u30de\u30c1\u88dc\u5f37\u5e03\u304c\u4ed8\u3044\u3066\u304a\u308a\u307e\u3059\u3002<br \/>\n\u30dc\u30bf\u30f3\u306b\u306f\u3001\u5c3f\u7d20\u30dc\u30bf\u30f3\u304c\u4f7f\u7528\u3055\u308c\u3066\u304a\u308a\u307e\u3059\u3002<br \/>\n\u30bf\u30b0\u90e8\u5206\u306b\u306f\u3001&#8221;\u30e6\u30cb\u30aa\u30f3\u30b9\u30da\u30b7\u30e3\u30eb&#8221; \u3068 &#8220;\u30e2\u30fc\u30bf\u30fc\u30fb\u30b5\u30a4\u30af\u30ed\u30f3&#8221; \u306e\u30bf\u30b0\u304c\u7e2b\u308f\u308c\u30c0\u30d6\u30eb\u30cd\u30fc\u30e0\u306b\u306a\u3063\u3066\u304a\u308a\u307e\u3059\u3002<br \/>\n\u30d5\u30ea\u30fc\u30db\u30a4\u30fc\u30e9\u30fc\u30ba\u3067\u306f\u73cd\u3057\u3044\u660e\u308b\u3081\u306a\u30cd\u30eb\u30b7\u30e3\u30c4\u306a\u306e\u3067\u3001\u7740\u7528\u3059\u308b\u5b63\u7bc0\u3082\u51ac\u306b\u9650\u3089\u305a\u6625\u3067\u3082\u30b3\u30fc\u30c7\u30a3\u30cd\u30fc\u30c8\u304c<\/p>\n<p><\/p>\n<p>\u30b5\u30a4\u30ba(SIZE)\/(Length)(Chest)(Shoulder)(Sleeve Length)<\/p>\n<p>14(S):\u7740\u4e08 72cm \u8eab\u5e45 52cm \u80a9\u5e45 42cm \u8896\u4e08 62cm<\/p>\n<p>15(M):\u7740\u4e08 74cm \u8eab\u5e45 54cm \u80a9\u5e45 44cm \u8896\u4e08 63cm<\/p>\n<p>16(L):\u7740\u4e08 76cm \u8eab\u5e45 56cm \u80a9\u5e45 46cm \u8896\u4e08 64cm<\/p>\n<p>17(XL):\u7740\u4e08 78cm \u8eab\u5e45 59cm \u80a9\u5e45 49cm \u8896\u4e08 66cm<\/p>\n<p>17H(XXL):\u7740\u4e08 80cm \u8eab\u5e45 63cm \u80a9\u5e45 51cm \u8896\u4e08 67cm<\/p>\n<p>\u203b\u6ce8\u610f\u4e8b\u9805<br \/>\n\u30e1\u30fc\u30ab\u30fc\u306e\u65b9\u3067\u3001\u30a6\u30a9\u30c3\u30b7\u30e5\u6e08\u307f\u3067\u3059\u304c\u3001\u307e\u3060\u82e5\u5e72\u306e\u7e2e\u307f\u304c\u751f\u3058\u308b\u6050\u308c\u304c\u3042\u308a\u307e\u3059\u3057\u3001\u307e\u305f\u7740\u8fbc\u3093\u3067\u884c\u304f\u3046\u3061\u306b\u3001\u591a\u5c11\u306e\u7740\u4f38\u3073\u304c\u751f\u3058\u308b\u5834\u5408\u304c\u5fa1\u5ea7\u3044\u307e\u3059\u306e\u3067\u3001\u5fa1\u4e86\u627f\u4e0b\u3055\u3044\u307e\u305b\u3002<\/p>\n<p><a href=\"https:\/\/avenuewebstore.com\/freewheelers\/wp-content\/uploads\/2024\/12\/th_avenue1-1.jpg\"><img loading=\"lazy\" decoding=\"async\" src=\"https:\/\/avenuewebstore.com\/freewheelers\/wp-content\/uploads\/2024\/12\/th_avenue1-1.jpg\" alt=\"th_avenue1-1\" width=\"600\" height=\"397\" class=\"aligncenter size-full wp-image-50396\" srcset=\"https:\/\/avenuewebstore.com\/freewheelers\/wp-content\/uploads\/2024\/12\/th_avenue1-1.jpg 600w, https:\/\/avenuewebstore.com\/freewheelers\/wp-content\/uploads\/2024\/12\/th_avenue1-1-300x198.jpg 300w\" sizes=\"auto, (max-width: 600px) 100vw, 600px\" \/><\/a><\/p>\n<p><\/p>\n<p><img loading=\"lazy\" decoding=\"async\" src=\"..\/image\/cart3.jpg\" width=\"680\" height=\"25\" \/><br \/>\nUNION SPECIAL OVERALLS<br \/>\n1950s STYLE WORK CLOTHING<br \/>\nMOTOR PSYCLONE GARAGE SERIES<br \/>\n&#8220;NOMAD&#8221; WORK SHIRT<br \/>\nCOLOR:ORANGE RED\u00d7GRAY BEIGE\u00d7CREAM\u00d7GREEN<br \/>\n33,000\u5186 No:#2433001<\/p>\n<p><\/p>\n<form method=\"post\" action=\"https:\/\/www.kishindo.co.jp\/netlink\/rents\/kago.cgi?tenant=avenue\">\n<input type=\"hidden\" name=\"mcode\" value=\"utf-8\"><br \/>\n<input type=\"hidden\" name=\"tenant\" value=\"avenue\"><br \/>\n<input type=\"hidden\" name=\"newno\" value=\"02071\"><br \/>\n<input type=\"hidden\" name=\"newsho\" value=\"\u30d5\u30ea\u30db 2433001 \u30ce\u30de\u30c9 \u30cd\u30eb\u30b7\u30e3\u30c4 RED\"><br \/>\n<input type=\"hidden\" name=\"newtank\" value=\"33000\"><br \/>\n<input type=\"hidden\" name=\"color\" value=\"\u7a0e\u8fbc\"><br \/>\n<INPUT ENGINE=\"hidden\" NAME=\"newhtm\" value=\"https:\/\/avenuewebstore.com\/freewheelers\/\"><br \/>\n<br \/>\n\u8cfc\u5165\u6570<select name=\"kazu\"><option value=\"0\">0<\/option><\/select><br \/>\n\u30b5\u30a4\u30ba<select name=\"size\"><option value=\"\u5b8c\u58f2\">\u5b8c\u58f2<\/option><\/select><br \/>\n<\/p>\n<p class=\"cart\"><input type=\"image\" name=\"imageField\" alt=\"\u30b7\u30e7\u30c3\u30d4\u30f3\u30b0\u30ab\u30fc\u30c8\u306b\u5165\u308c\u308b\" src=\"..\/image\/cart1.jpg\" \/><\/p>\n<p class=\"cart\"><input type=\"image\" name=\"kagolook\" alt=\"\u30b7\u30e7\u30c3\u30d4\u30f3\u30b0\u30ab\u30fc\u30c8\u306e\u4e2d\u3092\u898b\u308b\" src=\"..\/image\/cart2.jpg\" \/><\/p>\n<\/form>\n","protected":false},"excerpt":{"rendered":"<p>1950s STYLE WORK CLOTHING<br \/>\nMOTOR PSYCLONE GARAGE SERIES<br \/>\n&#8220;NOMAD&#8221; WORK SHIRT<br \/>\n33,000\u5186 No:#2433001 <a href=\"https:\/\/avenuewebstore.com\/freewheelers\/?page_id=50934\">Continue reading <span class=\"meta-nav\">&rarr;<\/span><\/a><\/p>\n","protected":false},"author":1,"featured_media":50935,"parent":10,"menu_order":12133,"comment_status":"closed","ping_status":"closed","template":"","meta":{"footnotes":""},"class_list":["post-50934","page","type-page","status-publish","has-post-thumbnail","hentry"],"aioseo_notices":[],"_links":{"self":[{"href":"https:\/\/avenuewebstore.com\/freewheelers\/index.php?rest_route=\/wp\/v2\/pages\/50934","targetHints":{"allow":["GET"]}}],"collection":[{"href":"https:\/\/avenuewebstore.com\/freewheelers\/index.php?rest_route=\/wp\/v2\/pages"}],"about":[{"href":"https:\/\/avenuewebstore.com\/freewheelers\/index.php?rest_route=\/wp\/v2\/types\/page"}],"author":[{"embeddable":true,"href":"https:\/\/avenuewebstore.com\/freewheelers\/index.php?rest_route=\/wp\/v2\/users\/1"}],"replies":[{"embeddable":true,"href":"https:\/\/avenuewebstore.com\/freewheelers\/index.php?rest_route=%2Fwp%2Fv2%2Fcomments&post=50934"}],"version-history":[{"count":6,"href":"https:\/\/avenuewebstore.com\/freewheelers\/index.php?rest_route=\/wp\/v2\/pages\/50934\/revisions"}],"predecessor-version":[{"id":54881,"href":"https:\/\/avenuewebstore.com\/freewheelers\/index.php?rest_route=\/wp\/v2\/pages\/50934\/revisions\/54881"}],"up":[{"embeddable":true,"href":"https:\/\/avenuewebstore.com\/freewheelers\/index.php?rest_route=\/wp\/v2\/pages\/10"}],"wp:featuredmedia":[{"embeddable":true,"href":"https:\/\/avenuewebstore.com\/freewheelers\/index.php?rest_route=\/wp\/v2\/media\/50935"}],"wp:attachment":[{"href":"https:\/\/avenuewebstore.com\/freewheelers\/index.php?rest_route=%2Fwp%2Fv2%2Fmedia&parent=50934"}],"curies":[{"name":"wp","href":"https:\/\/api.w.org\/{rel}","templated":true}]}}